{"id":3801,"date":"2024-01-18T17:58:22","date_gmt":"2024-01-18T16:58:22","guid":{"rendered":"https:\/\/agromnia5.mediavobis.com\/?page_id=3801"},"modified":"2024-06-25T13:40:25","modified_gmt":"2024-06-25T12:40:25","slug":"biologico","status":"publish","type":"page","link":"https:\/\/agromnia.it\/index.php\/biologico\/","title":{"rendered":"Biologico"},"content":{"rendered":"<div  class='flex_column av-1w0n2x-d97e681fa2cb423871f1a79ec89afd8a av_two_third  avia-builder-el-0  avia-builder-el-no-sibling  first flex_column_div  '     ><p>\n<style type=\"text\/css\" data-created_by=\"avia_inline_auto\" id=\"style-css-av-lrjgg0eb-af90d890e7df259d28bff1e8622080d7\">\n.avia-image-container.av-lrjgg0eb-af90d890e7df259d28bff1e8622080d7 img.avia_image{\nbox-shadow:none;\n}\n.avia-image-container.av-lrjgg0eb-af90d890e7df259d28bff1e8622080d7 .av-image-caption-overlay-center{\ncolor:#ffffff;\n}\n<\/style>\n<div  class='avia-image-container av-lrjgg0eb-af90d890e7df259d28bff1e8622080d7 av-styling- avia-align-center  avia-builder-el-1  el_before_av_textblock  avia-builder-el-first '   itemprop=\"image\" itemscope=\"itemscope\" itemtype=\"https:\/\/schema.org\/ImageObject\" ><div class=\"avia-image-container-inner\"><div class=\"avia-image-overlay-wrap\"><img decoding=\"async\" fetchpriority=\"high\" class='wp-image-3802 avia-img-lazy-loading-not-3802 avia_image ' src=\"https:\/\/agromnia.it\/wp-content\/uploads\/2024\/01\/10-1030x486.jpg\" alt='' title='10'  height=\"486\" width=\"1030\"  itemprop=\"thumbnailUrl\" srcset=\"https:\/\/agromnia.it\/wp-content\/uploads\/2024\/01\/10-1030x486.jpg 1030w, https:\/\/agromnia.it\/wp-content\/uploads\/2024\/01\/10-300x141.jpg 300w, https:\/\/agromnia.it\/wp-content\/uploads\/2024\/01\/10-768x362.jpg 768w, https:\/\/agromnia.it\/wp-content\/uploads\/2024\/01\/10-1536x724.jpg 1536w, https:\/\/agromnia.it\/wp-content\/uploads\/2024\/01\/10-1500x707.jpg 1500w, https:\/\/agromnia.it\/wp-content\/uploads\/2024\/01\/10-705x332.jpg 705w, https:\/\/agromnia.it\/wp-content\/uploads\/2024\/01\/10.jpg 2000w\" sizes=\"(max-width: 1030px) 100vw, 1030px\" \/><\/div><\/div><\/div><br \/>\n<section  class='av_textblock_section av-lrjgfksj-ef6cce672efa187920a625e36bbf3337 '   itemscope=\"itemscope\" itemtype=\"https:\/\/schema.org\/CreativeWork\" ><div class='avia_textblock'  itemprop=\"text\" ><p><strong>Produzione Biologica <\/strong><\/p>\n<\/div><\/section><br \/>\n<section  class='av_textblock_section av-lrjgh1lq-a48d63837e924f5a3c4a957d7afd7b1a '   itemscope=\"itemscope\" itemtype=\"https:\/\/schema.org\/CreativeWork\" ><div class='avia_textblock'  itemprop=\"text\" ><p>L\u2019intervento prevede un pagamento annuale per ettaro a favore degli agricoltori o delle associazioni di agricoltori che si impegnano volontariamente a convertire e a mantenere le superfici coltivate al metodo di agricoltura biologica.<\/p>\n<p>L\u2019intervento si applica a tutte le tipologie colturali e ai prati permanenti, prati-pascoli e pascoli, esclusi i terreni a riposo, e si articola in due azioni:<\/p>\n<p>1) SRA29.1 \u201cConversione all\u2019agricoltura biologica\u201d ha l\u2019obiettivo di incrementare le superfici coltivate con metodi di agricoltura biologica, sostenendo la conversione dall\u2019agricoltura convenzionale<\/p>\n<p>2) SRA29.2 ha l\u2019obiettivo di contribuire al mantenimento della SAU biologica al fine di consolidare i vantaggi dei metodi di agricoltura biologica.<\/p>\n<p>L\u2019intervento in oggetto prevede un periodo di impegno di durata pari a cinque anni. Il periodo di impegno relativo alla conversione \u00e8 di due anni nel caso dei seminativi e di tre anni in quello delle colture permanenti; segue il periodo di mantenimento fino a conclusione del quinquennio.<\/p>\n<p>Qualora la superficie aziendale in conversione sia stata notificata in data antecedente alla presentazione della domanda di sostegno e\/o pagamento, la stessa potr\u00e0 ricevere il pagamento per l\u2019intera annualit\u00e0 solo se il periodo di conversione termina in una data successiva al 30 giugno dell\u2019anno di impegno a cui si riferisce la domanda.<\/p>\n<p>REQUISITI SPECIFICI DI AMMISSIBILIT\u00c0<\/p>\n<p>Ai fini dell\u2019adesione all\u2019intervento \u201cConversione all\u2019agricoltura biologica\u201d, le superfici interessate:<\/p>\n<p>1) \u00a0devono essere state notificate per la prima volta precedentemente all\u2019avvio del periodo di impegno, e comunque non oltre il 30 gennaio 2024;<\/p>\n<p>2) \u00a0non devono risultare in mantenimento e il periodo di conversione deve terminare in una data successiva al 30\/06 dell\u2019anno di impegno a cui si riferisce la domanda di sostegno e\/o pagamento;<\/p>\n<p>3) \u00a0non devono essere state oggetto di un impegno agro-ambientale, inerente all&#8217;applicazione del metodo di produzione biologico, nell&#8217;ambito della Misura 214 &#8211; azione 1 \u201cagricoltura biologica\u201d del PSR 2007\/2013 attuativo del e\/o della Misura 11 \u2013 \u201cagricoltura biologica\u201d del PSR 2014\/2022.<\/p>\n<p>Per l\u2019adesione all\u2019intervento \u201cMantenimento dell\u2019agricoltura biologica\u201d le superfici interessate:<\/p>\n<ol>\n<li>devono essere presenti in una notifica valida e pertanto non in uno stato di receduta\/esclusa\/cancellata\/non valida, precedentemente all\u2019avvio del periodo di impegno e comunque non oltre il 30 gennaio 2024;<\/li>\n<li>devono risultare in mantenimento o il periodo di conversione termina in una data antecedente al 01\/07 dell\u2019anno di impegno a cui si riferisce la domanda di sostegno.<\/li>\n<\/ol>\n<p>Si specifica che qualora le superfici oggetto di impegno terminano il periodo di conversione tra il 1 gennaio ed il 30 giugno 2024, le medesime devono essere richieste nell\u2019intervento \u201cMantenimento dell\u2019agricoltura biologica\u201d. Eventuali inadempienze a tali disposizioni potrebbero determinare l\u2019inammissibilit\u00e0 delle domande interessate.<\/p>\n<p>Premi<\/p>\n<p>Il pagamento annuale si riferisce alla superficie agricola, per ettaro di coltura ammissibile, sottoposta a impegno con un sostegno in euro\/ettaro\/anno:<\/p>\n<p>A questi per\u00f2 vi \u00e8 la necessit\u00e0 di porre grande attenzione alla diminuzione del pagamento ottenibile in confronto con il premio ammissibile:<\/p>\n<p>&#8211; importo ammissibile fino a 25.000 euro\/anno: pagamento al 100%;<\/p>\n<p>&#8211; importo ammissibile maggiore di 25.000 e fino a 50.000,00 euro: pagamento all\u201980%;<\/p>\n<p>&#8211; importo ammissibile maggiore di 50.000,00 euro\/anno: pagamento al 60%.<\/p>\n<p>IMPEGNI OBBLIGHI<\/p>\n<p>I pagamenti sono accordati per un periodo di 5 anni, qualora siano rispettati gli impegni di riferimento. Inoltre i beneficiari, nel corso dell\u2019intero periodo d\u2019impegno, sono tenuti al rispetto delle seguenti disposizioni:<\/p>\n<ol>\n<li>a) Impegno 01 &#8211; Applicazione del metodo di produzione di agricoltura biologica su tutta la SAU, per tutta la durata del periodo di impegno. L\u2019osservanza alle norme regolamentari di produzione biologica viene verificata dagli OdC (organismi di controllo) secondo le norme e procedure vigenti. Si evidenzia che tale impegno dovr\u00e0 essere confermato anche per le casistiche di cambio di beneficiario.<\/li>\n<\/ol>\n<p>Pertanto tutte le particelle dichiarate in DdS\/DdP e associate a tutti gli interventi devono essere presenti nell&#8217;ultima Notifica a sistema e valida ai fini del controllo di ammissibilit\u00e0. In caso di discordanze di superfici, si richieder\u00e0 apposita attestazione del metodo di conduzione biologico, da parte dell\u2019OdC prescelto dall\u2019azienda interessata.<\/p>\n<p>Sussiste, pertanto, il mantenimento della quantit\u00e0 di superficie ammessa nella DdS con una tolleranza massima complessiva in riduzione del 20%. Se la riduzione risulta essere superiore al 20% l\u2019impegno decade con recupero delle somme erogate. Non si effettua alcun recupero degli importi erogati negli anni precedenti se la riduzione complessiva rimane nella soglia del 20%.<\/p>\n<ol>\n<li>b) Impegno 02 &#8211; Disponibilit\u00e0 delle medesime superfici oggetto di impegno in virt\u00f9 di un diritto reale di godimento;<\/li>\n<li>c) Impegno 03 &#8211; Iscrizione del beneficiario nell\u2019elenco nazionale degli operatori biologici per tutto il periodo di impegno secondo le specificit\u00e0 delle disposizioni attuative delle Regioni e Province Autonome.<\/li>\n<\/ol>\n<p>d) Impegno 04 &#8211; \u00a0I beneficiari devono avvalersi di un <strong>consulente PAN<\/strong>.<\/p>\n<p>Vuoi saperne di pi\u00f9?<\/p>\n<p>Richiedi una consulenza presso Agromnia, con esperienza trentennale, formata da un gruppo di professionisti specializzati nel settore agronomico, agroalimentare, ambientale, formazione professionale\u00a0e servizi per il lavoro, per fornire alla tua impresa assistenza e servizi ad ampio spettro e altamente competitivi.<\/p>\n<p>La\u00a0sede \u00e8 a\u00a0Bisceglie\u00a0(BT) in Via Puccini, 4\/8<\/p>\n<p>Per informazioni\u00a0 \u2013\u00a0 080. 396 8178 \/ 393.9466948<\/p>\n<\/div><\/section><\/p><\/div>\n","protected":false},"excerpt":{"rendered":"","protected":false},"author":2,"featured_media":0,"parent":0,"menu_order":0,"comment_status":"closed","ping_status":"closed","template":"","meta":{"footnotes":""},"class_list":["post-3801","page","type-page","status-publish","hentry"],"_links":{"self":[{"href":"https:\/\/agromnia.it\/index.php\/wp-json\/wp\/v2\/pages\/3801","targetHints":{"allow":["GET"]}}],"collection":[{"href":"https:\/\/agromnia.it\/index.php\/wp-json\/wp\/v2\/pages"}],"about":[{"href":"https:\/\/agromnia.it\/index.php\/wp-json\/wp\/v2\/types\/page"}],"author":[{"embeddable":true,"href":"https:\/\/agromnia.it\/index.php\/wp-json\/wp\/v2\/users\/2"}],"replies":[{"embeddable":true,"href":"https:\/\/agromnia.it\/index.php\/wp-json\/wp\/v2\/comments?post=3801"}],"version-history":[{"count":9,"href":"https:\/\/agromnia.it\/index.php\/wp-json\/wp\/v2\/pages\/3801\/revisions"}],"predecessor-version":[{"id":4841,"href":"https:\/\/agromnia.it\/index.php\/wp-json\/wp\/v2\/pages\/3801\/revisions\/4841"}],"wp:attachment":[{"href":"https:\/\/agromnia.it\/index.php\/wp-json\/wp\/v2\/media?parent=3801"}],"curies":[{"name":"wp","href":"https:\/\/api.w.org\/{rel}","templated":true}]}}