{"id":3813,"date":"2024-01-18T18:15:07","date_gmt":"2024-01-18T17:15:07","guid":{"rendered":"https:\/\/agromnia5.mediavobis.com\/?page_id=3813"},"modified":"2024-01-18T18:41:36","modified_gmt":"2024-01-18T17:41:36","slug":"agr-integrata","status":"publish","type":"page","link":"https:\/\/agromnia.it\/index.php\/agr-integrata\/","title":{"rendered":"agr integrata"},"content":{"rendered":"<div  class='flex_column av-25kv2d-1a538516439f2bb45fc00ae587de5f12 av_two_third  avia-builder-el-0  avia-builder-el-no-sibling  first flex_column_div  '     ><p><section  class='av_textblock_section av-lrjh1n4s-9b76d0a4cde42746ac724a874ba9a9c4 '   itemscope=\"itemscope\" itemtype=\"https:\/\/schema.org\/CreativeWork\" ><div class='avia_textblock'  itemprop=\"text\" ><p><strong>Produzione Integrata<\/strong><\/p>\n<\/div><\/section><br \/>\n\n<style type=\"text\/css\" data-created_by=\"avia_inline_auto\" id=\"style-css-av-lrjh1xq4-82e3dbae86adc185ecb045ab6894efb6\">\n.avia-image-container.av-lrjh1xq4-82e3dbae86adc185ecb045ab6894efb6 img.avia_image{\nbox-shadow:none;\n}\n.avia-image-container.av-lrjh1xq4-82e3dbae86adc185ecb045ab6894efb6 .av-image-caption-overlay-center{\ncolor:#ffffff;\n}\n<\/style>\n<div  class='avia-image-container av-lrjh1xq4-82e3dbae86adc185ecb045ab6894efb6 av-styling- avia-align-center  avia-builder-el-2  el_after_av_textblock  el_before_av_textblock '   itemprop=\"image\" itemscope=\"itemscope\" itemtype=\"https:\/\/schema.org\/ImageObject\" ><div class=\"avia-image-container-inner\"><div class=\"avia-image-overlay-wrap\"><img decoding=\"async\" fetchpriority=\"high\" class='wp-image-3811 avia-img-lazy-loading-not-3811 avia_image ' src=\"https:\/\/agromnia.it\/wp-content\/uploads\/2024\/01\/17-1030x486.jpg\" alt='' title='17'  height=\"486\" width=\"1030\"  itemprop=\"thumbnailUrl\" srcset=\"https:\/\/agromnia.it\/wp-content\/uploads\/2024\/01\/17-1030x486.jpg 1030w, https:\/\/agromnia.it\/wp-content\/uploads\/2024\/01\/17-300x141.jpg 300w, https:\/\/agromnia.it\/wp-content\/uploads\/2024\/01\/17-768x362.jpg 768w, https:\/\/agromnia.it\/wp-content\/uploads\/2024\/01\/17-1536x724.jpg 1536w, https:\/\/agromnia.it\/wp-content\/uploads\/2024\/01\/17-1500x707.jpg 1500w, https:\/\/agromnia.it\/wp-content\/uploads\/2024\/01\/17-705x332.jpg 705w, https:\/\/agromnia.it\/wp-content\/uploads\/2024\/01\/17.jpg 2000w\" sizes=\"(max-width: 1030px) 100vw, 1030px\" \/><\/div><\/div><\/div><br \/>\n\n<style type=\"text\/css\" data-created_by=\"avia_inline_auto\" id=\"style-css-av-lrjh2kqj-0cc8ba0aacf2e2504d229b3561b805a9\">\n#top .av_textblock_section.av-lrjh2kqj-0cc8ba0aacf2e2504d229b3561b805a9 .avia_textblock{\ntext-align:justify;\n}\n<\/style>\n<section  class='av_textblock_section av-lrjh2kqj-0cc8ba0aacf2e2504d229b3561b805a9 '   itemscope=\"itemscope\" itemtype=\"https:\/\/schema.org\/CreativeWork\" ><div class='avia_textblock'  itemprop=\"text\" ><p>L\u2019intervento Produzione integrata sostiene i beneficiari che si impegnano all\u2019applicazione dei Disciplinari di Produzione Integrata (DPI), aderendo al Sistema di Qualit\u00e0 Nazionale Produzione Integrata (SQNPI). Il sostegno \u00e8 erogato per ettaro di tutta la superficie aziendale per 5 anni ed \u00e8 differenziato in relazione alle tipologie colturali assoggettate all\u2019impegno. Relativamente alla gestione del suolo, l\u2019impegno preso aderendo al sistema \u201cProduzione Integrata\u201d prevede per le colture erbacee la pratica dell\u2019avvicendamento colturale mentre per le colture arboree l\u2019inerbimento dell\u2019interfila.<\/p>\n<p>Premi<\/p>\n<table>\n<tbody>\n<tr>\n<td width=\"189\">Agrumi, vite e fruttiferi<\/td>\n<td width=\"145\">Olivo<\/td>\n<td width=\"167\">Cereali<\/td>\n<td width=\"167\">Ortive<\/td>\n<\/tr>\n<tr>\n<td width=\"189\">\u20ac292,80<\/td>\n<td width=\"145\">\u20ac355,00<\/td>\n<td width=\"167\">\u20ac88,00<\/td>\n<td width=\"167\">\u20ac390,00<\/td>\n<\/tr>\n<\/tbody>\n<\/table>\n<p>A questi per\u00f2 vi \u00e8 la necessit\u00e0 di porre grande attenzione alla diminuzione del pagamento ottenibile in confronto con il premio ammissibile:<\/p>\n<p>importo ammissibile fino a 50.000 euro\/anno: pagamento al 100%<\/p>\n<p>importo ammissibile maggiore di 50.000 e fino a 75.000,00 euro: pagamento all\u201980%<\/p>\n<p>importo ammissibile maggiore di 75.000,00 euro\/anno: pagamento al 60%.<\/p>\n<p>Obblighi<\/p>\n<p>1) Le disposizioni sulla fertilizzazione delle colture prevedono la definizione, all\u2019interno di un piano di fertilizzazione aziendale, dei quantitativi massimi dei macroelementi nutritivi distribuibili annualmente, per coltura o ciclo colturale, in base anche ai risultati di analisi chimico-fisiche del terreno.<\/p>\n<p>2) Le disposizioni sull\u2019irrigazione prevedono la registrazione dei dati pluviometrici, degli interventi irrigui e dei volumi di adacquamento al fine di consentire il monitoraggio e l\u2019uso razionale della risorsa idrica.<\/p>\n<p>3) Le disposizioni su difesa fitosanitaria e controllo delle infestanti stabiliscono le modalit\u00e0 di monitoraggio delle fitopatie e di applicazione delle strategie di difesa e controllo delle infestanti, in relazione a ogni coltura, fase fenologica e avversit\u00e0, in una logica di riduzione del rischio, insito nell\u2019eventuale uso dei prodotti fitosanitari<\/p>\n<p>4) La regolazione strumentale delle macchine irroratrici oltre a garantire una maggiore efficienza delle stesse, crea la premessa necessaria per adottare tecniche di precisione, volte a ridurre le quantit\u00e0 di prodotti fitosanitari (PF) impiegate.<\/p>\n<p>5) La produzione integrata prevede anche disposizioni relative alla scelta del materiale di moltiplicazione, che assicurano la riduzione del rischio fitosanitario e maggiori garanzie delle qualit\u00e0 agronomiche e varietali.<\/p>\n<p>Ammissibilit\u00e0<\/p>\n<p>1) Adesione del beneficiario al SQNPI per la fase di coltivazione (\u201cConformit\u00e0 ACA\u201d o \u201cConformit\u00e0 ACA pi\u00f9 marchio\u201d o \u201cMarchio\u201d), in forma singola o associata, secondo le vigenti PROCEDURA DI ADESIONE, GESTIONE E CONTROLLO NELL\u2019AMBITO DEL SQNPI<\/p>\n<p>2) Le superfici eleggibili secondo le specificit\u00e0 delle Regioni\/PPAA devono essere individuate in SQNPI<\/p>\n<p>3) Assoggettamento agli impegni dell&#8217;intera SAU aziendale per la tipologia colturale richiesta a premio.<\/p>\n<p>Impegni<\/p>\n<p>I pagamenti sono accordati per un periodo di 5 anni, qualora siano rispettati gli impegni di riferimento.<\/p>\n<p>Inoltre con riferimento agli impegni e obblighi specifici dell\u2019Intervento \u201cPRODUZIONE INTEGRATA\u201d, i beneficiari nel corso dell\u2019intero periodo d\u2019impegno sono tenuti al rispetto delle seguenti disposizioni:<\/p>\n<ul>\n<li>Applicazione conforme, in regime SQNPI, dei disciplinari di produzione integrata (DPI) approvati a livello regionale, articolati in \u201cnorme generali\u201d e \u201cnorme per coltura\u201d e relativi ai seguenti aspetti agronomici: lavorazioni del terreno, avvicendamento colturale, irrigazione, fertilizzazione, difesa fitosanitaria e controllo delle infestanti, regolazione delle macchine distributrici dei prodotti fitosanitari e scelta del materiale di moltiplicazione.<\/li>\n<li>Tenuta del registro delle operazioni colturali (inclusi i trattamenti fitosanitari e le fertilizzazioni) e di magazzino previste dai disciplinari di produzione integrata e dalle norme di adesione a SQNPI, secondo le modalit\u00e0 previste dalla Regione Puglia<\/li>\n<li>I beneficiari degli aiuti previsti dallo SRA01, devono avvalersi della consulenza di un professionista (Tecnico PAN) in possesso del certificato di abilitazione alla consulenza<\/li>\n<li>Impegno a partecipare all\u2019intervento SRH01 (Formazione) e SRH02 (Consulenza)<\/li>\n<li>Obbligo di presentazione della domanda annuale di pagamento per la conferma degli impegni assunti con la domanda di sostegno.<\/li>\n<\/ul>\n<p>Vuoi saperne di pi\u00f9?<\/p>\n<p>Richiedi una consulenza presso Agromnia, con esperienza trentennale, formata da un gruppo di professionisti specializzati nel settore agronomico, agroalimentare, ambientale, formazione professionale\u00a0e servizi per il lavoro, per fornire alla tua impresa assistenza e servizi ad ampio spettro e altamente competitivi.<\/p>\n<p>La\u00a0sede \u00e8 a\u00a0Bisceglie\u00a0(BT) in Via Puccini, 4\/8<\/p>\n<p>Per informazioni\u00a0 \u2013\u00a0 080. 396 8178 \/ 393.9466948<\/p>\n<\/div><\/section><\/p><\/div>\n","protected":false},"excerpt":{"rendered":"","protected":false},"author":2,"featured_media":0,"parent":0,"menu_order":0,"comment_status":"closed","ping_status":"closed","template":"","meta":{"footnotes":""},"class_list":["post-3813","page","type-page","status-publish","hentry"],"_links":{"self":[{"href":"https:\/\/agromnia.it\/index.php\/wp-json\/wp\/v2\/pages\/3813","targetHints":{"allow":["GET"]}}],"collection":[{"href":"https:\/\/agromnia.it\/index.php\/wp-json\/wp\/v2\/pages"}],"about":[{"href":"https:\/\/agromnia.it\/index.php\/wp-json\/wp\/v2\/types\/page"}],"author":[{"embeddable":true,"href":"https:\/\/agromnia.it\/index.php\/wp-json\/wp\/v2\/users\/2"}],"replies":[{"embeddable":true,"href":"https:\/\/agromnia.it\/index.php\/wp-json\/wp\/v2\/comments?post=3813"}],"version-history":[{"count":7,"href":"https:\/\/agromnia.it\/index.php\/wp-json\/wp\/v2\/pages\/3813\/revisions"}],"predecessor-version":[{"id":4851,"href":"https:\/\/agromnia.it\/index.php\/wp-json\/wp\/v2\/pages\/3813\/revisions\/4851"}],"wp:attachment":[{"href":"https:\/\/agromnia.it\/index.php\/wp-json\/wp\/v2\/media?parent=3813"}],"curies":[{"name":"wp","href":"https:\/\/api.w.org\/{rel}","templated":true}]}}