{"id":3825,"date":"2024-01-18T18:39:18","date_gmt":"2024-01-18T17:39:18","guid":{"rendered":"https:\/\/agromnia5.mediavobis.com\/?page_id=3825"},"modified":"2024-01-18T18:40:20","modified_gmt":"2024-01-18T17:40:20","slug":"sostanza","status":"publish","type":"page","link":"https:\/\/agromnia.it\/index.php\/sostanza\/","title":{"rendered":"sostanza"},"content":{"rendered":"<div  class='flex_column av-1wbcwh-22818b450f9687ab5e0a384cb107979d av_two_third  avia-builder-el-0  avia-builder-el-no-sibling  first flex_column_div  '     ><p><section  class='av_textblock_section av-lrjhwq5q-85d78c48d961e6d370a0d557f5ad485f '   itemscope=\"itemscope\" itemtype=\"https:\/\/schema.org\/CreativeWork\" ><div class='avia_textblock'  itemprop=\"text\" ><p><strong>Sostanza Organica<\/strong><\/p>\n<\/div><\/section><br \/>\n\n<style type=\"text\/css\" data-created_by=\"avia_inline_auto\" id=\"style-css-av-lrjhxoa6-c5061baad39b45a6a8a5b85f3e4af771\">\n.avia-image-container.av-lrjhxoa6-c5061baad39b45a6a8a5b85f3e4af771 img.avia_image{\nbox-shadow:none;\n}\n.avia-image-container.av-lrjhxoa6-c5061baad39b45a6a8a5b85f3e4af771 .av-image-caption-overlay-center{\ncolor:#ffffff;\n}\n<\/style>\n<div  class='avia-image-container av-lrjhxoa6-c5061baad39b45a6a8a5b85f3e4af771 av-styling- avia-align-center  avia-builder-el-2  el_after_av_textblock  el_before_av_textblock '   itemprop=\"image\" itemscope=\"itemscope\" itemtype=\"https:\/\/schema.org\/ImageObject\" ><div class=\"avia-image-container-inner\"><div class=\"avia-image-overlay-wrap\"><img decoding=\"async\" fetchpriority=\"high\" class='wp-image-3826 avia-img-lazy-loading-not-3826 avia_image ' src=\"https:\/\/agromnia.it\/wp-content\/uploads\/2024\/01\/5-1-1030x486.png\" alt='' title='5'  height=\"486\" width=\"1030\"  itemprop=\"thumbnailUrl\" srcset=\"https:\/\/agromnia.it\/wp-content\/uploads\/2024\/01\/5-1-1030x486.png 1030w, https:\/\/agromnia.it\/wp-content\/uploads\/2024\/01\/5-1-300x141.png 300w, https:\/\/agromnia.it\/wp-content\/uploads\/2024\/01\/5-1-768x362.png 768w, https:\/\/agromnia.it\/wp-content\/uploads\/2024\/01\/5-1-1536x724.png 1536w, https:\/\/agromnia.it\/wp-content\/uploads\/2024\/01\/5-1-1500x707.png 1500w, https:\/\/agromnia.it\/wp-content\/uploads\/2024\/01\/5-1-705x332.png 705w, https:\/\/agromnia.it\/wp-content\/uploads\/2024\/01\/5-1.png 2000w\" sizes=\"(max-width: 1030px) 100vw, 1030px\" \/><\/div><\/div><\/div><br \/>\n\n<style type=\"text\/css\" data-created_by=\"avia_inline_auto\" id=\"style-css-av-lrjhydq3-8d8f50d1cc7cc1a60530f61d1d8b90bf\">\n#top .av_textblock_section.av-lrjhydq3-8d8f50d1cc7cc1a60530f61d1d8b90bf .avia_textblock{\ntext-align:justify;\n}\n<\/style>\n<section  class='av_textblock_section av-lrjhydq3-8d8f50d1cc7cc1a60530f61d1d8b90bf '   itemscope=\"itemscope\" itemtype=\"https:\/\/schema.org\/CreativeWork\" ><div class='avia_textblock'  itemprop=\"text\" ><p>L\u2019intervento prevede un pagamento per i beneficiari che si impegnano a migliorare le caratteristiche strutturali e chimico-fisiche dei suoli agricoli mediante l\u2019apporto e il mantenimento diretto di sostanza organica: fertilizzanti e\/o ammendanti in forma organica ricompresa nelle classi di ammendante compostato verde (ACV) e ammendante compostato misto (ACM).<\/p>\n<p>Premi<\/p>\n<p>Il pagamento annuale si riferisce alla superficie agricola, per ettaro di coltura ammissibile, sottoposta a impegno con un sostegno in euro\/ettaro\/anno: \u20ac240,00.<\/p>\n<p>A questi per\u00f2 vi \u00e8 la necessit\u00e0 di porre grande attenzione alla diminuzione del pagamento ottenibile in confronto con il premio ammissibile:<\/p>\n<p>importo ammissibile fino a 50.000 euro\/anno: pagamento al 100%<\/p>\n<p>importo ammissibile maggiore di 50.000 e fino a 75.000,00 euro: pagamento all\u201980%<\/p>\n<p>importo ammissibile maggiore di 75.000,00 euro\/anno: pagamento al 60%.<\/p>\n<p>Requisiti di ammissibilit\u00e0<\/p>\n<p>1) Adesione da parte dei beneficiari con una superficie minima, oggetto d\u2019impegno, pari a 2 ettari.<\/p>\n<p>2) L\u2019intervento si applica a tutte le tipologie colturali, esclusi i prati\u00a0\u00a0\u00a0\u00a0\u00a0\u00a0\u00a0\u00a0\u00a0\u00a0\u00a0\u00a0\u00a0 permanenti e pascoli.<\/p>\n<p>3) Presentazione delle analisi del suolo degli appezzamenti oggetto di domanda.<\/p>\n<p>4) Sono escluse le superfici che abbiano gi\u00e0 beneficiato dei premi dell&#8217;operazione 10.1.2 del PSR Puglia 2014-2022.<\/p>\n<p>IMPEGNI OBBLIGHI<\/p>\n<p>I pagamenti sono accordati per un periodo di 5 anni, qualora siano rispettati gli impegni.<\/p>\n<ol>\n<li>a) IMPEGNO 01 &#8211; Il beneficiario \u00e8 tenuto ad apportare alle superfici assoggettate ad impegno ammendanti in forma organica del tipo:<\/li>\n<\/ol>\n<p>&#8211; ammendante compostato verde (ACV) prodotto ottenuto attraverso un processo controllato di trasformazione e stabilizzazione di rifiuti organici che possono essere costituiti da scarti di manutenzione del verde ornamentale, altri materiali vegetali.;<\/p>\n<p>&#8211; ammendante compostato misto (ACM) prodotto ottenuto attraverso un processo controllato di trasformazione e stabilizzazione di rifiuti organici che possono essere costituiti dalla frazione organica dei Rifiuti Urbani proveniente da raccolta differenziata, dal digestato da trattamento anaerobico<\/p>\n<p>Sono esclusi gli ammendanti compostati misti che includono la componente fanghi nella matrice della composizione.<\/p>\n<p>N.B: Al fine del rispetto degli impegni \u00e8 escluso l\u2019impiego del letame e assimilati palabili.<\/p>\n<p>Gli ammendanti devono essere corredati di certificato analitico, oppure altra documentazione idonea che ne attesti l\u2019origine e le caratteristiche chimico-fisiche. Gli ammendanti devono essere confezionati ed etichettati secondo le normative vigenti e corredati di documentazione idonea che ne attesti l\u2019origine e le caratteristiche chimico-fisiche.<\/p>\n<p>Nel caso di utilizzo di ammendanti allo stato sfuso far\u00e0 fede l\u2019etichetta che obbligatoriamente il produttore dovr\u00e0 allegare ai documenti accompagnatori.<\/p>\n<ol>\n<li>b) IMPEGNO 02 &#8211; Divieto di utilizzo di fanghi in agricoltura e di ogni altro rifiuto recuperato.<\/li>\n<li>c) IMPEGNO 03 &#8211; Distribuire e incorporare un quantitativo totale nell\u2019arco di 5 anni, non inferiore a 10 tonnellate di sostanza secca per ettaro con minimo numero 3 apporti.<\/li>\n<li>d) IMPEGNO 04 &#8211; Le operazioni di apporto della sostanza organica sulla superficie oggetto d\u2019impegno dovranno essere riportate sui registri aziendali. E\u2019 prevista la redazione di Piani di Fertilizzazione corredati da ulteriore documentazione<\/li>\n<li>e) IMPEGNO 05 &#8211; Obbligo di conservare per tutto il periodo d\u2019impegno: le fatture comprovanti l\u2019acquisto degli ammendanti, i certificati d\u2019analisi del terreno.<\/li>\n<\/ol>\n<p>La distribuzione dell&#8217;ammendante sul suolo deve essere seguita da operazioni di interramento\/incorporazione.<\/p>\n<ol>\n<li>f) IMPEGNO 06 &#8211; L&#8217;apporto totale di ammendante, distribuito nell\u2019arco di 5 anni, deve essere non inferiore a 10 t di sostanza secca per ettaro con minimo numero 3 apporti, ossia apporti in almeno 3 dei 5 anni di impegno.<\/li>\n<\/ol>\n<ol>\n<li>g) IMPEGNO 07 &#8211; I soggetti richiedenti gli aiuti dovranno provvedere all\u2019esecuzione di un\u2019analisi del suolo per ogni area omogenea.<\/li>\n<li>h) IMPEGNO 08 &#8211; \u00c8 fatto obbligo redigere un Piano di Fertilizzazione quinquennale previsionale redatto da tecnico abilitato nel rispetto delle analisi del terreno e basato sui criteri riportati nel DPI Puglia; inoltre, \u00e8 necessario produrre una scheda a consuntivo delle concimazioni effettuate per ciascuna annualit\u00e0 e ciascun appezzamento.<\/li>\n<\/ol>\n<p>Chiarimenti<\/p>\n<ul>\n<li>Si fa presente che ai fini del presente Bando sono ammissibili esclusivamente gli ammendanti commerciali delle tipologie AMMENDANTE COMPOSTATO VERDE (ACV) e AMMENDANTE COMPOSTATO MISTO (ACM). Gli stessi devono essere regolarmente iscritti nel registro dei Fertilizzanti e Fabbricanti.<\/li>\n<\/ul>\n<ul>\n<li>Le fatture di acquisto degli ammendanti dovranno essere trasmesse esclusivamente in formato elettronico tramite il portale regionale.<\/li>\n<\/ul>\n<ul>\n<li>I beneficiari dovranno annotare sul quaderno di campagna gli acquisti degli ammendanti commerciali utilizzati (fatture), le operazioni di apporto, spandimento e successivo interramento dei prodotti.<\/li>\n<\/ul>\n<\/div><\/section><\/p><\/div>\n","protected":false},"excerpt":{"rendered":"","protected":false},"author":2,"featured_media":0,"parent":0,"menu_order":0,"comment_status":"closed","ping_status":"closed","template":"","meta":{"footnotes":""},"class_list":["post-3825","page","type-page","status-publish","hentry"],"_links":{"self":[{"href":"https:\/\/agromnia.it\/index.php\/wp-json\/wp\/v2\/pages\/3825","targetHints":{"allow":["GET"]}}],"collection":[{"href":"https:\/\/agromnia.it\/index.php\/wp-json\/wp\/v2\/pages"}],"about":[{"href":"https:\/\/agromnia.it\/index.php\/wp-json\/wp\/v2\/types\/page"}],"author":[{"embeddable":true,"href":"https:\/\/agromnia.it\/index.php\/wp-json\/wp\/v2\/users\/2"}],"replies":[{"embeddable":true,"href":"https:\/\/agromnia.it\/index.php\/wp-json\/wp\/v2\/comments?post=3825"}],"version-history":[{"count":3,"href":"https:\/\/agromnia.it\/index.php\/wp-json\/wp\/v2\/pages\/3825\/revisions"}],"predecessor-version":[{"id":3829,"href":"https:\/\/agromnia.it\/index.php\/wp-json\/wp\/v2\/pages\/3825\/revisions\/3829"}],"wp:attachment":[{"href":"https:\/\/agromnia.it\/index.php\/wp-json\/wp\/v2\/media?parent=3825"}],"curies":[{"name":"wp","href":"https:\/\/api.w.org\/{rel}","templated":true}]}}