{"id":4091,"date":"2024-02-07T08:49:49","date_gmt":"2024-02-07T07:49:49","guid":{"rendered":"https:\/\/agromnia.it\/?page_id=4091"},"modified":"2024-02-07T08:49:50","modified_gmt":"2024-02-07T07:49:50","slug":"catalogo-corsi-gol-percorso-2","status":"publish","type":"page","link":"https:\/\/agromnia.it\/index.php\/catalogo-corsi-gol-percorso-2\/","title":{"rendered":"Catalogo Corsi GOL &#8211; PERCORSO 2"},"content":{"rendered":"<div  class='flex_column av-643tfz-eb180afb573b8f2e13965200fda35d35 av_one_half  avia-builder-el-0  el_before_av_one_half  avia-builder-el-first  first flex_column_div avia-link-column av-column-link  '    data-link-column-url=\"https:\/\/agromnia.it\/index.php\/shortcodes\/columns\/\"   ><a class=\"av-screen-reader-only\" href=https:\/\/agromnia.it\/index.php\/shortcodes\/columns\/ >Link to: Formazione<\/a><style type=\"text\/css\" data-created_by=\"avia_inline_auto\" id=\"style-css-av-lrgcsj10-63e6e3a088767548c171e202b96d1afc\">\n.avia-image-container.av-lrgcsj10-63e6e3a088767548c171e202b96d1afc img.avia_image{\nbox-shadow:none;\n}\n.avia-image-container.av-lrgcsj10-63e6e3a088767548c171e202b96d1afc .av-image-caption-overlay-center{\ncolor:#ffffff;\n}\n<\/style>\n<div  class='avia-image-container av-lrgcsj10-63e6e3a088767548c171e202b96d1afc av-styling- avia-align-center  avia-builder-el-1  avia-builder-el-no-sibling '   itemprop=\"image\" itemscope=\"itemscope\" itemtype=\"https:\/\/schema.org\/ImageObject\" ><div class=\"avia-image-container-inner\"><div class=\"avia-image-overlay-wrap\"><img decoding=\"async\" fetchpriority=\"high\" class='wp-image-3553 avia-img-lazy-loading-not-3553 avia_image ' src=\"https:\/\/agromnia.it\/wp-content\/uploads\/2024\/01\/29-1030x579.png\" alt='' title='29'  height=\"579\" width=\"1030\"  itemprop=\"thumbnailUrl\" srcset=\"https:\/\/agromnia.it\/wp-content\/uploads\/2024\/01\/29-1030x579.png 1030w, https:\/\/agromnia.it\/wp-content\/uploads\/2024\/01\/29-300x169.png 300w, https:\/\/agromnia.it\/wp-content\/uploads\/2024\/01\/29-768x432.png 768w, https:\/\/agromnia.it\/wp-content\/uploads\/2024\/01\/29-705x396.png 705w, https:\/\/agromnia.it\/wp-content\/uploads\/2024\/01\/29.png 1366w\" sizes=\"(max-width: 1030px) 100vw, 1030px\" \/><\/div><\/div><\/div><\/div>\n<div  class='flex_column av-3jf1zj-6fdc377b61d80f7022fa60cf9ac6292f av_one_half  avia-builder-el-2  el_after_av_one_half  avia-builder-el-last  flex_column_div  '     ><form action=\"https:\/\/agromnia.it\/index.php\/catalogo-corsi-gol-percorso-2\/\" method=\"post\" data-fields-with-error=\"Found errors in the following field(s):\" class=\"avia_ajax_form av-form-labels-visible   avia-builder-el-3  avia-builder-el-no-sibling   \" data-avia-form-id=\"1\" data-avia-redirect='' ><h3 class=''>ISCRIVITI<\/h3><fieldset><p class='  first_form  form_element form_element_half' id='element_avia_1_1'><label for=\"avia_1_1\">Cognome <abbr class=\"required\" title=\"required\">*<\/abbr><\/label> <input name=\"avia_1_1\" class=\"text_input is_empty\" type=\"text\" id=\"avia_1_1\" value=\"\" \/><\/p><p class='  form_element form_element_half' id='element_avia_2_1'><label for=\"avia_2_1\">Nome <abbr class=\"required\" title=\"required\">*<\/abbr><\/label> <input name=\"avia_2_1\" class=\"text_input is_empty\" type=\"text\" id=\"avia_2_1\" value=\"\" \/><\/p><p class='  first_form  form_element form_element_half' id='element_avia_3_1'><label for=\"avia_3_1\">E-Mail <abbr class=\"required\" title=\"required\">*<\/abbr><\/label> <input name=\"avia_3_1\" class=\"text_input is_email\" type=\"text\" id=\"avia_3_1\" value=\"\" \/><\/p><p class='  form_element form_element_half' id='element_avia_4_1'><label for=\"avia_4_1\">Cell<\/label> <input name=\"avia_4_1\" class=\"text_input \" type=\"text\" id=\"avia_4_1\" value=\"\" \/><\/p><div id='avia_5_1' class='av-form-text'><\/p>\n<p style=\"text-align: center;\"><strong>Scegli il corso pi\u00f9 adatto a te, indica le tue preferenze!<\/strong><\/p>\n<div id=\"gtx-trans\" style=\"position: absolute; left: 673px; top: -11.2px;\">\n<div class=\"gtx-trans-icon\"><\/div>\n<\/div>\n<p>\n<\/div><p class='  first_form  form_element form_fullwidth' id='element_avia_6_1'><label for=\"avia_6_1\">Prima Scelta <abbr class=\"required\" title=\"required\">*<\/abbr><\/label><select  name=\"avia_6_1\" class=\"select is_empty\" id=\"avia_6_1\"><option  selected=\"selected\" value=''><\/option><option   value='allestimento di vetrine'>allestimento di vetrine<\/option><option   value='analisi del territorio di riferimento e promozione di piani di sviluppo turistico'>analisi del territorio di riferimento e promozione di piani di sviluppo turistico<\/option><option   value='assistenza al cliente dopo la vendita del prodotto previdenziale'>assistenza al cliente dopo la vendita del prodotto previdenziale<\/option><option   value='programmazione e organizzazione del lavoro'>programmazione e organizzazione del lavoro<\/option><option   value='cura degli ambienti e delle attrezzature della ristorazione e distribuzione di pasti e bevande'>cura degli ambienti e delle attrezzature della ristorazione e distribuzione di pasti e bevande<\/option><option   value='cura del processo di vendita al cliente'>cura del processo di vendita al cliente<\/option><option   value='gestione del punto ristoro - preparazione e somministrazione bevande e snack'>gestione del punto ristoro - preparazione e somministrazione bevande e snack<\/option><option   value='gestione ed organizzazione informatizzata del magazzino'>gestione ed organizzazione informatizzata del magazzino<\/option><option   value='grafica e progettazione'>grafica e progettazione<\/option><option   value='marketing operativo'>marketing operativo<\/option><option   value='gestione della cassa per la vendita al dettaglio e l\u2019assistenza alla clientela'>gestione della cassa per la vendita al dettaglio e l\u2019assistenza alla clientela<\/option><option   value='marketing e commercializzazione dei prodotti agroalimentari'>marketing e commercializzazione dei prodotti agroalimentari<\/option><option   value='marketing territoriale'>marketing territoriale<\/option><option   value='pizzaiolo'>pizzaiolo<\/option><option   value='panificatore e pasticcere: attivit\u00e0 di base per la preparazione di paste'>panificatore e pasticcere: attivit\u00e0 di base per la preparazione di paste<\/option><option   value='dolci'>dolci<\/option><option   value='prodotti panari e prodotti sostitutivi del pane'>prodotti panari e prodotti sostitutivi del pane<\/option><option   value='predisposizione e gestione di attivit\u00e0 e procedure amministrativo-contabili'>predisposizione e gestione di attivit\u00e0 e procedure amministrativo-contabili<\/option><option   value='progettazione attivit\u00e0 di animazione'>progettazione attivit\u00e0 di animazione<\/option><option   value='svolgimento di attivit\u00e0 di animazione - progettazione sistemi di gestione qualit\u00e0 ambiente sicurezza energia'>svolgimento di attivit\u00e0 di animazione - progettazione sistemi di gestione qualit\u00e0 ambiente sicurezza energia<\/option><option   value='progettazione'>progettazione<\/option><option   value='sviluppo e pubblicazione dei siti web'>sviluppo e pubblicazione dei siti web<\/option><option   value='responsabile di magazzino'>responsabile di magazzino<\/option><option   value='sicurezza delle reti informatiche e protezione dei dati'>sicurezza delle reti informatiche e protezione dei dati<\/option><option   value='tecnico di amministrazione e contabilit\u00e0 del personale'>tecnico di amministrazione e contabilit\u00e0 del personale<\/option><option   value='web master'>web master<\/option><option   value='addetto alla reception'>addetto alla reception<\/option><option   value='aiuto cucina e supporto alle attivit\u00e0 di allestimento sala'>aiuto cucina e supporto alle attivit\u00e0 di allestimento sala<\/option><option   value='operatore call center'>operatore call center<\/option><option   value='tecnico gestione rifiuti e coperture amianto'>tecnico gestione rifiuti e coperture amianto<\/option><\/select><\/p><p class='  first_form  form_element form_fullwidth' id='element_avia_7_1'><label for=\"avia_7_1\">Seconda Scelta <abbr class=\"required\" title=\"required\">*<\/abbr><\/label><select  name=\"avia_7_1\" class=\"select is_empty\" id=\"avia_7_1\"><option  selected=\"selected\" value=''><\/option><option   value='allestimento di vetrine'>allestimento di vetrine<\/option><option   value='analisi del territorio di riferimento e promozione di piani di sviluppo turistico'>analisi del territorio di riferimento e promozione di piani di sviluppo turistico<\/option><option   value='assistenza al cliente dopo la vendita del prodotto previdenziale'>assistenza al cliente dopo la vendita del prodotto previdenziale<\/option><option   value='programmazione e organizzazione del lavoro'>programmazione e organizzazione del lavoro<\/option><option   value='cura degli ambienti e delle attrezzature della ristorazione e distribuzione di pasti e bevande'>cura degli ambienti e delle attrezzature della ristorazione e distribuzione di pasti e bevande<\/option><option   value='cura del processo di vendita al cliente'>cura del processo di vendita al cliente<\/option><option   value='gestione del punto ristoro - preparazione e somministrazione bevande e snack'>gestione del punto ristoro - preparazione e somministrazione bevande e snack<\/option><option   value='gestione ed organizzazione informatizzata del magazzino'>gestione ed organizzazione informatizzata del magazzino<\/option><option   value='grafica e progettazione'>grafica e progettazione<\/option><option   value='marketing operativo'>marketing operativo<\/option><option   value='gestione della cassa per la vendita al dettaglio e l\u2019assistenza alla clientela'>gestione della cassa per la vendita al dettaglio e l\u2019assistenza alla clientela<\/option><option   value='marketing e commercializzazione dei prodotti agroalimentari'>marketing e commercializzazione dei prodotti agroalimentari<\/option><option   value='marketing territoriale'>marketing territoriale<\/option><option   value='pizzaiolo'>pizzaiolo<\/option><option   value='panificatore e pasticcere: attivit\u00e0 di base per la preparazione di paste'>panificatore e pasticcere: attivit\u00e0 di base per la preparazione di paste<\/option><option   value='dolci'>dolci<\/option><option   value='prodotti panari e prodotti sostitutivi del pane'>prodotti panari e prodotti sostitutivi del pane<\/option><option   value='predisposizione e gestione di attivit\u00e0 e procedure amministrativo-contabili'>predisposizione e gestione di attivit\u00e0 e procedure amministrativo-contabili<\/option><option   value='progettazione attivit\u00e0 di animazione'>progettazione attivit\u00e0 di animazione<\/option><option   value='svolgimento di attivit\u00e0 di animazione - progettazione sistemi di gestione qualit\u00e0 ambiente sicurezza energia'>svolgimento di attivit\u00e0 di animazione - progettazione sistemi di gestione qualit\u00e0 ambiente sicurezza energia<\/option><option   value='progettazione'>progettazione<\/option><option   value='sviluppo e pubblicazione dei siti web'>sviluppo e pubblicazione dei siti web<\/option><option   value='responsabile di magazzino'>responsabile di magazzino<\/option><option   value='sicurezza delle reti informatiche e protezione dei dati'>sicurezza delle reti informatiche e protezione dei dati<\/option><option   value='tecnico di amministrazione e contabilit\u00e0 del personale'>tecnico di amministrazione e contabilit\u00e0 del personale<\/option><option   value='web master'>web master<\/option><option   value='addetto alla reception'>addetto alla reception<\/option><option   value='aiuto cucina e supporto alle attivit\u00e0 di allestimento sala'>aiuto cucina e supporto alle attivit\u00e0 di allestimento sala<\/option><option   value='operatore call center'>operatore call center<\/option><option   value='tecnico gestione rifiuti e coperture amianto'>tecnico gestione rifiuti e coperture amianto<\/option><\/select><\/p><p class='  first_form  form_element form_fullwidth' id='element_avia_8_1'><label for=\"avia_8_1\">Terza Scelta <abbr class=\"required\" title=\"required\">*<\/abbr><\/label><select  name=\"avia_8_1\" class=\"select is_empty\" id=\"avia_8_1\"><option  selected=\"selected\" value=''><\/option><option   value='allestimento di vetrine'>allestimento di vetrine<\/option><option   value='analisi del territorio di riferimento e promozione di piani di sviluppo turistico'>analisi del territorio di riferimento e promozione di piani di sviluppo turistico<\/option><option   value='assistenza al cliente dopo la vendita del prodotto previdenziale'>assistenza al cliente dopo la vendita del prodotto previdenziale<\/option><option   value='programmazione e organizzazione del lavoro'>programmazione e organizzazione del lavoro<\/option><option   value='cura degli ambienti e delle attrezzature della ristorazione e distribuzione di pasti e bevande'>cura degli ambienti e delle attrezzature della ristorazione e distribuzione di pasti e bevande<\/option><option   value='cura del processo di vendita al cliente'>cura del processo di vendita al cliente<\/option><option   value='gestione del punto ristoro - preparazione e somministrazione bevande e snack'>gestione del punto ristoro - preparazione e somministrazione bevande e snack<\/option><option   value='gestione ed organizzazione informatizzata del magazzino'>gestione ed organizzazione informatizzata del magazzino<\/option><option   value='grafica e progettazione'>grafica e progettazione<\/option><option   value='marketing operativo'>marketing operativo<\/option><option   value='gestione della cassa per la vendita al dettaglio e l\u2019assistenza alla clientela'>gestione della cassa per la vendita al dettaglio e l\u2019assistenza alla clientela<\/option><option   value='marketing e commercializzazione dei prodotti agroalimentari'>marketing e commercializzazione dei prodotti agroalimentari<\/option><option   value='marketing territoriale'>marketing territoriale<\/option><option   value='pizzaiolo'>pizzaiolo<\/option><option   value='panificatore e pasticcere: attivit\u00e0 di base per la preparazione di paste'>panificatore e pasticcere: attivit\u00e0 di base per la preparazione di paste<\/option><option   value='dolci'>dolci<\/option><option   value='prodotti panari e prodotti sostitutivi del pane'>prodotti panari e prodotti sostitutivi del pane<\/option><option   value='predisposizione e gestione di attivit\u00e0 e procedure amministrativo-contabili'>predisposizione e gestione di attivit\u00e0 e procedure amministrativo-contabili<\/option><option   value='progettazione attivit\u00e0 di animazione'>progettazione attivit\u00e0 di animazione<\/option><option   value='svolgimento di attivit\u00e0 di animazione - progettazione sistemi di gestione qualit\u00e0 ambiente sicurezza energia'>svolgimento di attivit\u00e0 di animazione - progettazione sistemi di gestione qualit\u00e0 ambiente sicurezza energia<\/option><option   value='progettazione'>progettazione<\/option><option   value='sviluppo e pubblicazione dei siti web'>sviluppo e pubblicazione dei siti web<\/option><option   value='responsabile di magazzino'>responsabile di magazzino<\/option><option   value='sicurezza delle reti informatiche e protezione dei dati'>sicurezza delle reti informatiche e protezione dei dati<\/option><option   value='tecnico di amministrazione e contabilit\u00e0 del personale'>tecnico di amministrazione e contabilit\u00e0 del personale<\/option><option   value='web master'>web master<\/option><option   value='addetto alla reception'>addetto alla reception<\/option><option   value='aiuto cucina e supporto alle attivit\u00e0 di allestimento sala'>aiuto cucina e supporto alle attivit\u00e0 di allestimento sala<\/option><option   value='operatore call center'>operatore call center<\/option><option   value='tecnico gestione rifiuti e coperture amianto'>tecnico gestione rifiuti e coperture amianto<\/option><\/select><\/p><h3 id='element_avia_9_1' class=' first_form  form_element form_fullwidth av-form-headline '><\/h3><div id='avia_10_1' class='av-form-text'><p>\n<em>In ottemperanza al D.lgs. 196\/03 e al Regolamento UE 2016\/679 in materia di protezione dei dati personali, le informazioni ivi contenute hanno natura strettamente personale e sono indirizzate esclusivamente al destinatario indicato. Quale destinatario della presente e-mail i Suoi dati personali (nome, cognome, e-mail) saranno trattati dalla societ\u00e0 Agromnia, in qualit\u00e0 di titolare del trattamento dei dati personali.<\/em><\/p>\n<\/div><p class='  first_form  form_element form_fullwidth av-last-visible-form-element' id='element_avia_11_1'><input  name=\"avia_11_1\" class=\"input_checkbox is_empty\" type=\"checkbox\" id=\"avia_11_1\" value=\"true\"\/><label class=\"input_checkbox_label\" for=\"avia_11_1\">Autorizzo al trattamento dei dati personali <abbr class=\"required\" title=\"required\">*<\/abbr><\/label><\/p><p class=\"hidden\"><input type=\"text\" name=\"avia_12_1\" class=\"hidden \" id=\"avia_12_1\" value=\"\" \/><\/p><p class=\"form_element \"><input type=\"hidden\" value=\"1\" name=\"avia_generated_form1\" \/><input type=\"submit\" value=\"Submit\" class=\"button\"  data-sending-label=\"Sending\"\/><\/p><\/fieldset><\/form><div id=\"ajaxresponse_1\" class=\"ajaxresponse ajaxresponse_1 hidden\"><\/div><\/div>\n","protected":false},"excerpt":{"rendered":"","protected":false},"author":1,"featured_media":0,"parent":0,"menu_order":0,"comment_status":"closed","ping_status":"closed","template":"","meta":{"footnotes":""},"class_list":["post-4091","page","type-page","status-publish","hentry"],"_links":{"self":[{"href":"https:\/\/agromnia.it\/index.php\/wp-json\/wp\/v2\/pages\/4091","targetHints":{"allow":["GET"]}}],"collection":[{"href":"https:\/\/agromnia.it\/index.php\/wp-json\/wp\/v2\/pages"}],"about":[{"href":"https:\/\/agromnia.it\/index.php\/wp-json\/wp\/v2\/types\/page"}],"author":[{"embeddable":true,"href":"https:\/\/agromnia.it\/index.php\/wp-json\/wp\/v2\/users\/1"}],"replies":[{"embeddable":true,"href":"https:\/\/agromnia.it\/index.php\/wp-json\/wp\/v2\/comments?post=4091"}],"version-history":[{"count":1,"href":"https:\/\/agromnia.it\/index.php\/wp-json\/wp\/v2\/pages\/4091\/revisions"}],"predecessor-version":[{"id":4092,"href":"https:\/\/agromnia.it\/index.php\/wp-json\/wp\/v2\/pages\/4091\/revisions\/4092"}],"wp:attachment":[{"href":"https:\/\/agromnia.it\/index.php\/wp-json\/wp\/v2\/media?parent=4091"}],"curies":[{"name":"wp","href":"https:\/\/api.w.org\/{rel}","templated":true}]}}